{"id":584,"date":"2024-07-02T14:52:46","date_gmt":"2024-07-02T18:52:46","guid":{"rendered":"https:\/\/dekab-loc.com\/contact-2\/"},"modified":"2024-08-08T23:09:07","modified_gmt":"2024-08-09T03:09:07","slug":"contact","status":"publish","type":"page","link":"https:\/\/dekab-loc.com\/en\/contact\/","title":{"rendered":"Contact"},"content":{"rendered":"<div class=\"wp-block-uagb-container uagb-block-a79095ce alignfull uagb-is-root-container\"><div class=\"uagb-container-inner-blocks-wrap\">\n<div class=\"wp-block-uagb-container uagb-block-6f52c228\">\n<div class=\"wp-block-uagb-advanced-heading uagb-block-8b7adaf2\"><h1 class=\"uagb-heading-text\">Contact<\/h1><\/div>\n\n\n\n<p><\/p>\n\n\n\n<p class=\"has-ast-global-color-5-color has-text-color has-link-color has-x-large-font-size wp-elements-44a956cf55abf1b0d391db68149fa239\">Contactez DEKA &amp; B Loc aujourd\u2019hui puis louez votre v\u00e9hicule<\/p>\n<\/div>\n<\/div><\/div>\n\n\n\n<div class=\"wp-block-uagb-container uagb-block-300ba5bc alignfull uagb-is-root-container\"><div class=\"uagb-container-inner-blocks-wrap\">\n<div class=\"wp-block-uagb-info-box uagb-block-3007be49 uagb-infobox__content-wrap  uagb-infobox-icon-above-title uagb-infobox-image-valign-top\"><div class=\"uagb-ifb-content\"><div class=\"uagb-ifb-title-wrap\"><h2 class=\"uagb-ifb-title\">Veuillez remplir le formulaire<\/h2><\/div><\/div><\/div>\n\n\n\n<div class=\"wp-block-uagb-container uagb-block-a3a9ad0e alignfull uagb-is-root-container\"><div class=\"uagb-container-inner-blocks-wrap\">\n<div class=\"wp-block-uagb-container uagb-block-63859594\">\n<div class=\"wp-block-uagb-advanced-heading uagb-block-c7523afc\"><h3 class=\"uagb-heading-text\"><strong>DEKA &amp; B Loc<\/strong><\/h3><\/div>\n\n\n\n<div class=\"wp-block-uagb-icon-list uagb-block-fc45d346\"><div class=\"uagb-icon-list__wrap\">\n<div class=\"wp-block-uagb-icon-list-child uagb-block-3c2302a8\"><a target=\"_self\" aria-label=\"0690 41 14 63 \/ 0690 59 59 18\u200b\" rel=\"noopener noreferrer\" href=\"#\"> <\/a><span class=\"uagb-icon-list__source-wrap\"><svg xmlns=\"https:\/\/www.w3.org\/2000\/svg\" viewbox=\"0 0 512 512\"><path d=\"M511.2 387l-23.25 100.8c-3.266 14.25-15.79 24.22-30.46 24.22C205.2 512 0 306.8 0 54.5c0-14.66 9.969-27.2 24.22-30.45l100.8-23.25C139.7-2.602 154.7 5.018 160.8 18.92l46.52 108.5c5.438 12.78 1.77 27.67-8.98 36.45L144.5 207.1c33.98 69.22 90.26 125.5 159.5 159.5l44.08-53.8c8.688-10.78 23.69-14.51 36.47-8.975l108.5 46.51C506.1 357.2 514.6 372.4 511.2 387z\"><\/path><\/svg><\/span><span class=\"uagb-icon-list__label\">0690 41 14 63 \/ 0690 59 59 18\u200b<\/span><\/div>\n\n\n\n<div class=\"wp-block-uagb-icon-list-child uagb-block-c886f735\"><a target=\"_self\" aria-label=\"deka.b.loc@gmail.com\" rel=\"noopener noreferrer\" href=\"#\"> <\/a><span class=\"uagb-icon-list__source-wrap\"><svg xmlns=\"https:\/\/www.w3.org\/2000\/svg\" viewbox=\"0 0 512 512\"><path d=\"M464 64C490.5 64 512 85.49 512 112C512 127.1 504.9 141.3 492.8 150.4L275.2 313.6C263.8 322.1 248.2 322.1 236.8 313.6L19.2 150.4C7.113 141.3 0 127.1 0 112C0 85.49 21.49 64 48 64H464zM217.6 339.2C240.4 356.3 271.6 356.3 294.4 339.2L512 176V384C512 419.3 483.3 448 448 448H64C28.65 448 0 419.3 0 384V176L217.6 339.2z\"><\/path><\/svg><\/span><span class=\"uagb-icon-list__label\">deka.b.loc@gmail.com<\/span><\/div>\n\n\n\n<div class=\"wp-block-uagb-icon-list-child uagb-block-fbad0d1e\"><a target=\"_self\" aria-label=\"Tarare 97119 Vieux-Habitants\" rel=\"noopener noreferrer\" href=\"#\"> <\/a><span class=\"uagb-icon-list__source-wrap\"><svg xmlns=\"https:\/\/www.w3.org\/2000\/svg\" viewbox=\"0 0 384 512\"><path d=\"M168.3 499.2C116.1 435 0 279.4 0 192C0 85.96 85.96 0 192 0C298 0 384 85.96 384 192C384 279.4 267 435 215.7 499.2C203.4 514.5 180.6 514.5 168.3 499.2H168.3zM192 256C227.3 256 256 227.3 256 192C256 156.7 227.3 128 192 128C156.7 128 128 156.7 128 192C128 227.3 156.7 256 192 256z\"><\/path><\/svg><\/span><span class=\"uagb-icon-list__label\">Tarare 97119 Vieux-Habitants<\/span><\/div>\n<\/div><\/div>\n<\/div>\n\n\n\n<div class=\"wp-block-uagb-container uagb-block-f9269d60\">\n<div class=\"wp-block-uagb-advanced-heading uagb-block-5f371572\"><h3 class=\"uagb-heading-text\">Contactez nous<\/h3><\/div>\n\n\n\n<div class=\"wp-block-uagb-forms uagb-forms__outer-wrap uagb-block-4438fe63 uagb-forms__medium-btn\"><form class=\"uagb-forms-main-form\" method=\"post\" autocomplete=\"on\" name=\"uagb-form-4438fe63\" action=\"\">\n<div class=\"wp-block-uagb-forms-name uagb-forms-name-wrap uagb-forms-field-set uagb-block-3acb1589 uag-col-2\"><div class=\"uagb-forms-name-label required uagb-forms-input-label\" id=\"3acb1589\">Nom<\/div><input type=\"text\" placeholder=\"\" required class=\"uagb-forms-name-input uagb-forms-input\" name=\"3acb1589\" autocomplete=\"off\"\/><\/div>\n\n\n\n<div class=\"wp-block-uagb-forms-name uagb-forms-name-wrap uagb-forms-field-set uagb-block-97e5c4a7 uag-col-2\"><div class=\"uagb-forms-name-label required uagb-forms-input-label\" id=\"97e5c4a7\">Pr\u00e9nom<\/div><input type=\"text\" placeholder=\"\" required class=\"uagb-forms-name-input uagb-forms-input\" name=\"97e5c4a7\" autocomplete=\"off\"\/><\/div>\n\n\n\n<div class=\"wp-block-uagb-forms-email uagb-forms-email-wrap uagb-forms-field-set uagb-block-16057e6c\"><div class=\"uagb-forms-email-label required uagb-forms-input-label\" id=\"16057e6c\">E-mail<\/div><input type=\"email\" class=\"uagb-forms-email-input uagb-forms-input\" placeholder=\"\" required name=\"16057e6c\" autocomplete=\"email\"\/><\/div>\n\n\n\n<div class=\"wp-block-uagb-forms-phone uagb-forms-phone-wrap uagb-forms-field-set uagb-block-706414ed\"><div class=\"uagb-forms-phone-label  uagb-forms-input-label\" id=\"706414ed\">T\u00e9l\u00e9phone<\/div><div class=\"uagb-forms-phone-flex\"><select class=\"uagb-forms-input uagb-form-phone-country\" id=\"uagb-form-country-706414ed\" name=\"T\u00e9l\u00e9phone[]\"><option value=\"+44\">UK (+44)<\/option><option value=\"+1\">USA \/ Canada (+1)<\/option><option value=\"+213\">Algeria (+213)<\/option><option value=\"+376\">Andorra (+376)<\/option><option value=\"+244\">Angola (+244)<\/option><option value=\"+1264\">Anguilla (+1264)<\/option><option value=\"+1268\">Antigua &amp; Barbuda (+1268)<\/option><option value=\"+54\">Argentina (+54)<\/option><option value=\"+374\">Armenia (+374)<\/option><option value=\"+297\">Aruba (+297)<\/option><option value=\"+61\">Australia (+61)<\/option><option value=\"+43\">Austria (+43)<\/option><option value=\"+994\">Azerbaijan (+994)<\/option><option value=\"+1242\">Bahamas (+1242)<\/option><option value=\"+973\">Bahrain (+973)<\/option><option value=\"+880\">Bangladesh (+880)<\/option><option value=\"+1246\">Barbados (+1246)<\/option><option value=\"+375\">Belarus (+375)<\/option><option value=\"+32\">Belgium (+32)<\/option><option value=\"+501\">Belize (+501)<\/option><option value=\"+229\">Benin (+229)<\/option><option value=\"+1441\">Bermuda (+1441)<\/option><option value=\"+975\">Bhutan (+975)<\/option><option value=\"+591\">Bolivia (+591)<\/option><option value=\"+387\">Bosnia Herzegovina (+387)<\/option><option value=\"+267\">Botswana (+267)<\/option><option value=\"+55\">Brazil (+55)<\/option><option value=\"+673\">Brunei (+673)<\/option><option value=\"+359\">Bulgaria (+359)<\/option><option value=\"+226\">Burkina Faso (+226)<\/option><option value=\"+257\">Burundi (+257)<\/option><option value=\"+855\">Cambodia (+855)<\/option><option value=\"+237\">Cameroon (+237)<\/option><option value=\"+238\">Cape Verde Islands (+238)<\/option><option value=\"+1345\">Cayman Islands (+1345)<\/option><option value=\"+236\">Central African Republic (+236)<\/option><option value=\"+56\">Chile (+56)<\/option><option value=\"+86\">China (+86)<\/option><option value=\"+57\">Colombia (+57)<\/option><option value=\"+269\">Comoros (+269)<\/option><option value=\"+242\">Congo (+242)<\/option><option value=\"+682\">Cook Islands (+682)<\/option><option value=\"+506\">Costa Rica (+506)<\/option><option value=\"+385\">Croatia (+385)<\/option><option value=\"+53\">Cuba (+53)<\/option><option value=\"+90392\">Cyprus North (+90392)<\/option><option value=\"+357\">Cyprus South (+357)<\/option><option value=\"+420\">Czech Republic (+420)<\/option><option value=\"+45\">Denmark (+45)<\/option><option value=\"+253\">Djibouti (+253)<\/option><option value=\"+1809\">Dominica (+1809)<\/option><option value=\"+1809\">Dominican Republic (+1809)<\/option><option value=\"+593\">Ecuador (+593)<\/option><option value=\"+20\">Egypt (+20)<\/option><option value=\"+503\">El Salvador (+503)<\/option><option value=\"+240\">Equatorial Guinea (+240)<\/option><option value=\"+291\">Eritrea (+291)<\/option><option value=\"+372\">Estonia (+372)<\/option><option value=\"+251\">Ethiopia (+251)<\/option><option value=\"+500\">Falkland Islands (+500)<\/option><option value=\"+298\">Faroe Islands (+298)<\/option><option value=\"+679\">Fiji (+679)<\/option><option value=\"+358\">Finland (+358)<\/option><option value=\"+33\">France (+33)<\/option><option value=\"+594\">French Guiana (+594)<\/option><option value=\"+689\">French Polynesia (+689)<\/option><option value=\"+241\">Gabon (+241)<\/option><option value=\"+220\">Gambia (+220)<\/option><option value=\"+7880\">Georgia (+7880)<\/option><option value=\"+49\">Germany (+49)<\/option><option value=\"+233\">Ghana (+233)<\/option><option value=\"+350\">Gibraltar (+350)<\/option><option value=\"+30\">Greece (+30)<\/option><option value=\"+299\">Greenland (+299)<\/option><option value=\"+1473\">Grenada (+1473)<\/option><option value=\"+590\" selected>Guadeloupe (+590)<\/option><option value=\"+671\">Guam (+671)<\/option><option value=\"+502\">Guatemala (+502)<\/option><option value=\"+224\">Guinea (+224)<\/option><option value=\"+245\">Guinea &#8211; Bissau (+245)<\/option><option value=\"+592\">Guyana (+592)<\/option><option value=\"+509\">Haiti (+509)<\/option><option value=\"+504\">Honduras (+504)<\/option><option value=\"+852\">Hong Kong (+852)<\/option><option value=\"+36\">Hungary (+36)<\/option><option value=\"+354\">Iceland (+354)<\/option><option value=\"+91\">India (+91)<\/option><option value=\"+62\">Indonesia (+62)<\/option><option value=\"+98\">Iran (+98)<\/option><option value=\"+964\">Iraq (+964)<\/option><option value=\"+353\">Ireland (+353)<\/option><option value=\"+972\">Israel (+972)<\/option><option value=\"+39\">Italy (+39)<\/option><option value=\"+1876\">Jamaica (+1876)<\/option><option value=\"+81\">Japan (+81)<\/option><option value=\"+962\">Jordan (+962)<\/option><option value=\"+7\">Kazakhstan (+7)<\/option><option value=\"+254\">Kenya (+254)<\/option><option value=\"+686\">Kiribati (+686)<\/option><option value=\"+850\">Korea North (+850)<\/option><option value=\"+82\">Korea South (+82)<\/option><option value=\"+965\">Kuwait (+965)<\/option><option value=\"+996\">Kyrgyzstan (+996)<\/option><option value=\"+856\">Laos (+856)<\/option><option value=\"+371\">Latvia (+371)<\/option><option value=\"+961\">Lebanon (+961)<\/option><option value=\"+266\">Lesotho (+266)<\/option><option value=\"+231\">Liberia (+231)<\/option><option value=\"+218\">Libya (+218)<\/option><option value=\"+417\">Liechtenstein (+417)<\/option><option value=\"+370\">Lithuania (+370)<\/option><option value=\"+352\">Luxembourg (+352)<\/option><option value=\"+853\">Macao (+853)<\/option><option value=\"+389\">Macedonia (+389)<\/option><option value=\"+261\">Madagascar (+261)<\/option><option value=\"+265\">Malawi (+265)<\/option><option value=\"+60\">Malaysia (+60)<\/option><option value=\"+960\">Maldives (+960)<\/option><option value=\"+223\">Mali (+223)<\/option><option value=\"+356\">Malta (+356)<\/option><option value=\"+692\">Marshall Islands (+692)<\/option><option value=\"+596\">Martinique (+596)<\/option><option value=\"+222\">Mauritania (+222)<\/option><option value=\"+269\">Mayotte (+269)<\/option><option value=\"+52\">Mexico (+52)<\/option><option value=\"+691\">Micronesia (+691)<\/option><option value=\"+373\">Moldova (+373)<\/option><option value=\"+377\">Monaco (+377)<\/option><option value=\"+976\">Mongolia (+976)<\/option><option value=\"+1664\">Montserrat (+1664)<\/option><option value=\"+212\">Morocco (+212)<\/option><option value=\"+258\">Mozambique (+258)<\/option><option value=\"+95\">Myanmar (+95)<\/option><option value=\"+264\">Namibia (+264)<\/option><option value=\"+674\">Nauru (+674)<\/option><option value=\"+977\">Nepal (+977)<\/option><option value=\"+31\">Netherlands (+31)<\/option><option value=\"+687\">New Caledonia (+687)<\/option><option value=\"+64\">New Zealand (+64)<\/option><option value=\"+505\">Nicaragua (+505)<\/option><option value=\"+227\">Niger (+227)<\/option><option value=\"+234\">Nigeria (+234)<\/option><option value=\"+683\">Niue (+683)<\/option><option value=\"+672\">Norfolk Islands (+672)<\/option><option value=\"+670\">Northern Marianas (+670)<\/option><option value=\"+47\">Norway (+47)<\/option><option value=\"+968\">Oman (+968)<\/option><option value=\"+680\">Palau (+680)<\/option><option value=\"+507\">Panama (+507)<\/option><option value=\"+675\">Papua New Guinea (+675)<\/option><option value=\"+595\">Paraguay (+595)<\/option><option value=\"+51\">Peru (+51)<\/option><option value=\"+63\">Philippines (+63)<\/option><option value=\"+48\">Poland (+48)<\/option><option value=\"+351\">Portugal (+351)<\/option><option value=\"+1787\">Puerto Rico (+1787)<\/option><option value=\"+974\">Qatar (+974)<\/option><option value=\"+262\">Reunion (+262)<\/option><option value=\"+40\">Romania (+40)<\/option><option value=\"+7\">Russia (+7)<\/option><option value=\"+250\">Rwanda (+250)<\/option><option value=\"+378\">San Marino (+378)<\/option><option value=\"+239\">Sao Tome &amp; Principe (+239)<\/option><option value=\"+966\">Saudi Arabia (+966)<\/option><option value=\"+221\">Senegal (+221)<\/option><option value=\"+381\">Serbia (+381)<\/option><option value=\"+248\">Seychelles (+248)<\/option><option value=\"+232\">Sierra Leone (+232)<\/option><option value=\"+65\">Singapore (+65)<\/option><option value=\"+421\">Slovak Republic (+421)<\/option><option value=\"+386\">Slovenia (+386)<\/option><option value=\"+677\">Solomon Islands (+677)<\/option><option value=\"+252\">Somalia (+252)<\/option><option value=\"+27\">South Africa (+27)<\/option><option value=\"+34\">Spain (+34)<\/option><option value=\"+94\">Sri Lanka (+94)<\/option><option value=\"+290\">St. Helena (+290)<\/option><option value=\"+1869\">St. Kitts (+1869)<\/option><option value=\"+1758\">St. Lucia (+1758)<\/option><option value=\"+249\">Sudan (+249)<\/option><option value=\"+597\">Suriname (+597)<\/option><option value=\"+268\">Swaziland (+268)<\/option><option value=\"+46\">Sweden (+46)<\/option><option value=\"+41\">Switzerland (+41)<\/option><option value=\"+963\">Syria (+963)<\/option><option value=\"+886\">Taiwan (+886)<\/option><option value=\"+7\">Tajikstan (+7)<\/option><option value=\"+66\">Thailand (+66)<\/option><option value=\"+228\">Togo (+228)<\/option><option value=\"+676\">Tonga (+676)<\/option><option value=\"+1868\">Trinidad &amp; Tobago (+1868)<\/option><option value=\"+216\">Tunisia (+216)<\/option><option value=\"+90\">Turkey (+90)<\/option><option value=\"+7\">Turkmenistan (+7)<\/option><option value=\"+993\">Turkmenistan (+993)<\/option><option value=\"+1649\">Turks &amp; Caicos Islands (+1649)<\/option><option value=\"+688\">Tuvalu (+688)<\/option><option value=\"+256\">Uganda (+256)<\/option><option value=\"+380\">Ukraine (+380)<\/option><option value=\"+971\">United Arab Emirates (+971)<\/option><option value=\"+598\">Uruguay (+598)<\/option><option value=\"+7\">Uzbekistan (+7)<\/option><option value=\"+678\">Vanuatu (+678)<\/option><option value=\"+379\">Vatican City (+379)<\/option><option value=\"+58\">Venezuela (+58)<\/option><option value=\"+84\">Vietnam (+84)<\/option><option value=\"+84\">Virgin Islands &#8211; British (+1284)<\/option><option value=\"+84\">Virgin Islands &#8211; US (+1340)<\/option><option value=\"+681\">Wallis &amp; Futuna (+681)<\/option><option value=\"+969\">Yemen (North)(+969)<\/option><option value=\"+967\">Yemen (South)(+967)<\/option><option value=\"+260\">Zambia (+260)<\/option><option value=\"+263\">Zimbabwe (+263)<\/option><\/select><input type=\"tel\" class=\"uagb-forms-phone-input uagb-forms-input\" name=\"T\u00e9l\u00e9phone[]\" autocomplete=\"tel-national\"\/><\/div><\/div>\n\n\n\n<div class=\"wp-block-uagb-forms-textarea uagb-forms-textarea-wrap uagb-forms-field-set uagb-block-65fe4c64\"><div class=\"uagb-forms-textarea-label required uagb-forms-input-label\" id=\"65fe4c64\">Message<\/div><textarea required class=\"uagb-forms-textarea-input uagb-forms-input\" rows=\"7\" placeholder=\"\" name=\"65fe4c64\" autocomplete=\"off\"><\/textarea><\/div>\n<div class=\"uagb-forms-form-hidden-data\"><input type=\"hidden\" class=\"uagb_forms_form_label\" value=\"Formulaire Spectra\"\/><input type=\"hidden\" class=\"uagb_forms_form_id\" value=\"uagb-form-4438fe63\"\/><\/div><div class=\"uagb-form-reacaptcha-error-4438fe63\"><\/div><div class=\"uagb-forms-main-submit-button-wrap wp-block-button\"><button class=\"uagb-forms-main-submit-button wp-block-button__link\"><div class=\"uagb-forms-main-submit-button-text\">Envoyer<\/div><\/button><\/div><input type=\"hidden\" name=\"trp-form-language\" value=\"en\"\/><\/form><div class=\"uagb-forms-success-message-4438fe63 uagb-forms-submit-message-hide\"><span>Le formulaire a bien \u00e9t\u00e9 envoy\u00e9\u00a0!<\/span><\/div><div class=\"uagb-forms-failed-message-4438fe63 uagb-forms-submit-message-hide\"><span>Une erreur s\u2019est produite lors de l\u2019envoi du formulaire. Veuillez v\u00e9rifier \u00e0 nouveau tous les champs du formulaire.<\/span><\/div><\/div>\n<\/div>\n<\/div><\/div>\n<\/div><\/div>\n\n\n\n<div class=\"wp-block-uagb-container uagb-block-b920dc75 alignfull uagb-is-root-container\">\t\t\t<div \n\t\t\tclass=\"wp-block-uagb-google-map uagb-google-map__wrap uagb-block-5293cfc1\"\n\t\t\tstyle=\"\" >\n\t\t\t\t<embed\n\t\t\t\t\tclass=\"uagb-google-map__iframe\"\n\t\t\t\t\ttitle=\"Google Map for \"\n\t\t\t\t\tsrc=\"https:\/\/maps.google.com\/maps?q=Tarare%2097119%20Vieux-Habitants&#038;z=12&#038;hl=fr&#038;t=m&#038;output=embed&#038;iwloc=near\"\n\t\t\t\t\twidth=\"640\"\n\t\t\t\t\theight=\"630\"\n\t\t\t\t\tloading=\"lazy\"\n\t\t\t\t><\/embed>\n\t\t\t<\/div>\n\t\t\t<\/div>","protected":false},"excerpt":{"rendered":"<p>Contact Contactez DEKA &amp; B Loc aujourd\u2019hui puis louez votre v\u00e9hicule DEKA &amp; B Loc Contactez nous<\/p>","protected":false},"author":1,"featured_media":0,"parent":0,"menu_order":0,"comment_status":"closed","ping_status":"closed","template":"","meta":{"_uag_custom_page_level_css":"","site-sidebar-layout":"no-sidebar","site-content-layout":"plain-container","ast-site-content-layout":"normal-width-container","site-content-style":"unboxed","site-sidebar-style":"unboxed","ast-global-header-display":"","ast-banner-title-visibility":"","ast-main-header-display":"","ast-hfb-above-header-display":"","ast-hfb-below-header-display":"","ast-hfb-mobile-header-display":"","site-post-title":"disabled","ast-breadcrumbs-content":"","ast-featured-img":"disabled","footer-sml-layout":"","theme-transparent-header-meta":"enabled","adv-header-id-meta":"","stick-header-meta":"","header-above-stick-meta":"","header-main-stick-meta":"","header-below-stick-meta":"","astra-migrate-meta-layouts":"set","ast-page-background-enabled":"default","ast-page-background-meta":{"desktop":{"background-color":"","background-image":"","background-repeat":"repeat","background-position":"center center","background-size":"auto","background-attachment":"scroll","background-type":"","background-media":"","overlay-type":"","overlay-color":"","overlay-opacity":"","overlay-gradient":""},"tablet":{"background-color":"","background-image":"","background-repeat":"repeat","background-position":"center center","background-size":"auto","background-attachment":"scroll","background-type":"","background-media":"","overlay-type":"","overlay-color":"","overlay-opacity":"","overlay-gradient":""},"mobile":{"background-color":"","background-image":"","background-repeat":"repeat","background-position":"center center","background-size":"auto","background-attachment":"scroll","background-type":"","background-media":"","overlay-type":"","overlay-color":"","overlay-opacity":"","overlay-gradient":""}},"ast-content-background-meta":{"desktop":{"background-color":"var(--ast-global-color-5)","background-image":"","background-repeat":"repeat","background-position":"center center","background-size":"auto","background-attachment":"scroll","background-type":"","background-media":"","overlay-type":"","overlay-color":"","overlay-opacity":"","overlay-gradient":""},"tablet":{"background-color":"var(--ast-global-color-5)","background-image":"","background-repeat":"repeat","background-position":"center center","background-size":"auto","background-attachment":"scroll","background-type":"","background-media":"","overlay-type":"","overlay-color":"","overlay-opacity":"","overlay-gradient":""},"mobile":{"background-color":"var(--ast-global-color-5)","background-image":"","background-repeat":"repeat","background-position":"center center","background-size":"auto","background-attachment":"scroll","background-type":"","background-media":"","overlay-type":"","overlay-color":"","overlay-opacity":"","overlay-gradient":""}},"footnotes":""},"class_list":["post-584","page","type-page","status-publish","hentry"],"uagb_featured_image_src":{"full":false,"thumbnail":false,"medium":false,"medium_large":false,"large":false,"1536x1536":false,"2048x2048":false,"trp-custom-language-flag":false},"uagb_author_info":{"display_name":"deka.b.loc","author_link":"https:\/\/dekab-loc.com\/en\/author\/deka-b-loc\/"},"uagb_comment_info":0,"uagb_excerpt":"Contact Contactez DEKA &amp; B Loc aujourd\u2019hui puis louez votre v\u00e9hicule DEKA &amp; B Loc Contactez nous","_links":{"self":[{"href":"https:\/\/dekab-loc.com\/en\/wp-json\/wp\/v2\/pages\/584"}],"collection":[{"href":"https:\/\/dekab-loc.com\/en\/wp-json\/wp\/v2\/pages"}],"about":[{"href":"https:\/\/dekab-loc.com\/en\/wp-json\/wp\/v2\/types\/page"}],"author":[{"embeddable":true,"href":"https:\/\/dekab-loc.com\/en\/wp-json\/wp\/v2\/users\/1"}],"replies":[{"embeddable":true,"href":"https:\/\/dekab-loc.com\/en\/wp-json\/wp\/v2\/comments?post=584"}],"version-history":[{"count":2,"href":"https:\/\/dekab-loc.com\/en\/wp-json\/wp\/v2\/pages\/584\/revisions"}],"predecessor-version":[{"id":1503,"href":"https:\/\/dekab-loc.com\/en\/wp-json\/wp\/v2\/pages\/584\/revisions\/1503"}],"wp:attachment":[{"href":"https:\/\/dekab-loc.com\/en\/wp-json\/wp\/v2\/media?parent=584"}],"curies":[{"name":"wp","href":"https:\/\/api.w.org\/{rel}","templated":true}]}}