{"id":578,"date":"2024-07-02T14:52:46","date_gmt":"2024-07-02T18:52:46","guid":{"rendered":"https:\/\/dekab-loc.com\/about-us\/"},"modified":"2024-08-16T16:17:28","modified_gmt":"2024-08-16T20:17:28","slug":"a-propos","status":"publish","type":"page","link":"https:\/\/dekab-loc.com\/en\/a-propos\/","title":{"rendered":"A propos"},"content":{"rendered":"<div class=\"wp-block-uagb-container uagb-block-a3780ef8 alignfull uagb-is-root-container\"><div class=\"uagb-container-inner-blocks-wrap\">\n<div class=\"wp-block-uagb-container uagb-block-65bf0277\">\n<div class=\"wp-block-uagb-advanced-heading uagb-block-37de0ea6\"><h1 class=\"uagb-heading-text\">Qui sommes-nous ?<\/h1><\/div>\n\n\n\n<p><\/p>\n<\/div>\n\n\n\n<div class=\"wp-block-uagb-container uag-blocks-common-selector uagb-block-c7c73d70\">\n<div class=\"wp-block-uagb-advanced-heading uagb-block-02ffb0a4\"><h3 class=\"uagb-heading-text\">DEKA &amp; B Loc, votre partenaire de confiance pour la location de voitures, d\u00e9di\u00e9e \u00e0 rendre vos d\u00e9placements plus faciles et agr\u00e9ables. <\/h3><\/div>\n\n\n\n<div class=\"wp-block-uagb-advanced-heading uagb-block-06bf33ac\"><h3 class=\"uagb-heading-text\">Nous nous engageons \u00e0 offrir \u00e0 nos clients une exp\u00e9rience de location de voiture exceptionnelle, que ce soit pour un voyage d&rsquo;affaires, des vacances en famille, ou tout autre besoin de transport.<\/h3><\/div>\n<\/div>\n<\/div><\/div>\n\n\n\n<div class=\"wp-block-uagb-container uag-blocks-common-selector uagb-block-10da5194 alignfull uagb-is-root-container\"><div class=\"uagb-container-inner-blocks-wrap\">\n<div class=\"wp-block-uagb-container uag-blocks-common-selector uagb-block-9ad99d4a alignfull uagb-is-root-container\"><div class=\"uagb-container-inner-blocks-wrap\">\n<div class=\"wp-block-uagb-container uag-blocks-common-selector uagb-block-55434051\">\n<div class=\"wp-block-uagb-info-box uagb-block-5b6dd52a uagb-infobox__content-wrap  uagb-infobox-icon-above-title uagb-infobox-image-valign-top\"><div class=\"uagb-ifb-content\"><div class=\"uagb-ifb-title-wrap\"><h2 class=\"uagb-ifb-title\">Notre mission<br><\/h2><\/div><p class=\"uagb-ifb-desc\">Notre mission est simple : fournir des v\u00e9hicules de haute qualit\u00e9 \u00e0 des prix comp\u00e9titifs tout en garantissant un service client exceptionnel. Nous croyons que chaque client m\u00e9rite une exp\u00e9rience de location sans tracas, adapt\u00e9e \u00e0 ses besoins sp\u00e9cifiques, avec une touche personnelle et un souci du d\u00e9tail.<br><a href=\"https:\/\/websitedemos.net\/rental-agency-02\/#\"><\/a><\/p><\/div><\/div>\n<\/div>\n<\/div><\/div>\n<\/div><\/div>\n\n\n<style>.kb-row-layout-wrap.wp-block-kadence-rowlayout.kb-row-layout-id578_b2cc3c-8e{margin-bottom:0px;}.kb-row-layout-id578_b2cc3c-8e > .kt-row-column-wrap{align-content:start;}:where(.kb-row-layout-id578_b2cc3c-8e > .kt-row-column-wrap) > .wp-block-kadence-column{justify-content:start;}.kb-row-layout-id578_b2cc3c-8e > .kt-row-column-wrap{column-gap:var(--global-kb-gap-md, 2rem);row-gap:var(--global-kb-gap-md, 2rem);max-width:var(--wp--style--global--content-size);grid-template-columns:minmax(0, 1fr);}.kb-row-layout-id578_b2cc3c-8e{background-color:var(--global-palette9, #ffffff);}.kb-row-layout-id578_b2cc3c-8e > .kt-row-layout-overlay{opacity:0.30;}@media all and (max-width: 1024px){.kb-row-layout-id578_b2cc3c-8e > .kt-row-column-wrap{grid-template-columns:minmax(0, 1fr);}}@media all and (max-width: 767px){.kb-row-layout-id578_b2cc3c-8e > .kt-row-column-wrap{grid-template-columns:minmax(0, 1fr);}}<\/style><div class=\"kb-row-layout-wrap kb-row-layout-id578_b2cc3c-8e alignfull has-theme-palette9-background-color kt-row-has-bg wp-block-kadence-rowlayout\"><div class=\"kt-row-column-wrap kt-has-1-columns kt-row-layout-equal kt-tab-layout-inherit kt-mobile-layout-row kt-row-valign-top kb-theme-content-width\">\n<style>.kadence-column578_df3c2c-1c > .kt-inside-inner-col,.kadence-column578_df3c2c-1c > .kt-inside-inner-col:before{border-top-left-radius:0px;border-top-right-radius:0px;border-bottom-right-radius:0px;border-bottom-left-radius:0px;}.kadence-column578_df3c2c-1c > .kt-inside-inner-col{column-gap:var(--global-kb-gap-sm, 1rem);}.kadence-column578_df3c2c-1c > .kt-inside-inner-col{flex-direction:column;}.kadence-column578_df3c2c-1c > .kt-inside-inner-col > .aligncenter{width:100%;}.kadence-column578_df3c2c-1c > .kt-inside-inner-col:before{opacity:0.3;}.kadence-column578_df3c2c-1c{position:relative;}@media all and (max-width: 1024px){.kadence-column578_df3c2c-1c > .kt-inside-inner-col{flex-direction:column;}}@media all and (max-width: 767px){.kadence-column578_df3c2c-1c > .kt-inside-inner-col{flex-direction:column;}}<\/style>\n<div class=\"wp-block-kadence-column kadence-column578_df3c2c-1c\"><div class=\"kt-inside-inner-col\"><style>.wp-block-kadence-advancedheading.kt-adv-heading578_43b7fe-8b, .wp-block-kadence-advancedheading.kt-adv-heading578_43b7fe-8b[data-kb-block=\"kb-adv-heading578_43b7fe-8b\"]{margin-top:var(--global-kb-spacing-lg, 3rem);margin-bottom:0px;text-align:left;font-size:var(--global-kb-font-size-xl, 3rem);line-height:1.2;font-style:normal;}.wp-block-kadence-advancedheading.kt-adv-heading578_43b7fe-8b mark, .wp-block-kadence-advancedheading.kt-adv-heading578_43b7fe-8b[data-kb-block=\"kb-adv-heading578_43b7fe-8b\"] mark{font-style:normal;color:#f76a0c;padding-top:0px;padding-right:0px;padding-bottom:0px;padding-left:0px;}<\/style>\n<h2 class=\"kt-adv-heading578_43b7fe-8b wp-block-kadence-advancedheading has-ast-global-color-1-color has-text-color\" data-kb-block=\"kb-adv-heading578_43b7fe-8b\">Nos valeurs<\/h2>\n<\/div><\/div>\n\n<\/div><\/div>\n\n<style>.kb-row-layout-id578_b6bbe6-88 > .kt-row-column-wrap{align-content:start;}:where(.kb-row-layout-id578_b6bbe6-88 > .kt-row-column-wrap) > .wp-block-kadence-column{justify-content:start;}.kb-row-layout-id578_b6bbe6-88 > .kt-row-column-wrap{column-gap:var(--global-kb-gap-lg, 4rem);row-gap:var(--global-kb-gap-md, 2rem);max-width:var(--wp--style--global--content-size);padding-top:var(--global-kb-spacing-md, 2rem);padding-bottom:var(--global-kb-spacing-lg, 3rem);grid-template-columns:repeat(3, minmax(0, 1fr));}.kb-row-layout-id578_b6bbe6-88{background-color:var(--global-palette9, #ffffff);}.kb-row-layout-id578_b6bbe6-88 > .kt-row-layout-overlay{opacity:0.30;}@media all and (max-width: 1024px){.kb-row-layout-id578_b6bbe6-88 > .kt-row-column-wrap{padding-top:var(--global-kb-spacing-xl, 4rem);grid-template-columns:repeat(3, minmax(0, 1fr));}}@media all and (max-width: 767px){.kb-row-layout-id578_b6bbe6-88 > .kt-row-column-wrap{row-gap:var(--global-kb-gap-lg, 4rem);padding-top:var(--global-kb-spacing-md, 2rem);grid-template-columns:minmax(0, 1fr);}}<\/style><div class=\"kb-row-layout-wrap kb-row-layout-id578_b6bbe6-88 alignfull has-theme-palette9-background-color kt-row-has-bg wp-block-kadence-rowlayout\"><div class=\"kt-row-column-wrap kt-has-3-columns kt-row-layout-equal kt-tab-layout-inherit kt-mobile-layout-row kt-row-valign-top kb-theme-content-width\">\n<style>.kadence-column578_998f19-a5 > .kt-inside-inner-col,.kadence-column578_998f19-a5 > .kt-inside-inner-col:before{border-top-left-radius:0px;border-top-right-radius:0px;border-bottom-right-radius:0px;border-bottom-left-radius:0px;}.kadence-column578_998f19-a5 > .kt-inside-inner-col{column-gap:var(--global-kb-gap-sm, 1rem);}.kadence-column578_998f19-a5 > .kt-inside-inner-col{flex-direction:column;}.kadence-column578_998f19-a5 > .kt-inside-inner-col > .aligncenter{width:100%;}.kadence-column578_998f19-a5 > .kt-inside-inner-col:before{opacity:0.3;}.kadence-column578_998f19-a5{position:relative;}@media all and (max-width: 1024px){.kadence-column578_998f19-a5 > .kt-inside-inner-col{padding-top:0%;flex-direction:column;}}@media all and (max-width: 767px){.kadence-column578_998f19-a5 > .kt-inside-inner-col{flex-direction:column;}}<\/style>\n<div class=\"wp-block-kadence-column kadence-column578_998f19-a5 inner-column-1\"><div class=\"kt-inside-inner-col\"><style>.wp-block-kadence-advancedheading.kt-adv-heading578_a9a083-14, .wp-block-kadence-advancedheading.kt-adv-heading578_a9a083-14[data-kb-block=\"kb-adv-heading578_a9a083-14\"]{margin-bottom:var(--global-kb-spacing-sm, 1.5rem);font-size:var(--global-kb-font-size-md, 1.25rem);line-height:1.2;font-style:normal;color:var(--global-palette3, #1A202C);}.wp-block-kadence-advancedheading.kt-adv-heading578_a9a083-14 mark, .wp-block-kadence-advancedheading.kt-adv-heading578_a9a083-14[data-kb-block=\"kb-adv-heading578_a9a083-14\"] mark{font-style:normal;color:#f76a0c;padding-top:0px;padding-right:0px;padding-bottom:0px;padding-left:0px;}<\/style>\n<h2 class=\"kt-adv-heading578_a9a083-14 wp-block-kadence-advancedheading has-theme-palette-3-color has-text-color\" data-kb-block=\"kb-adv-heading578_a9a083-14\">Fiabilit\u00e9<\/h2>\n\n\n<style>.wp-block-kadence-advancedheading.kt-adv-heading578_cf781c-56, .wp-block-kadence-advancedheading.kt-adv-heading578_cf781c-56[data-kb-block=\"kb-adv-heading578_cf781c-56\"]{margin-top:var(--global-kb-spacing-md, 2rem);margin-bottom:var(--global-kb-spacing-md, 2rem);text-align:left;line-height:1.2;font-style:normal;color:var(--global-palette3, #1A202C);}.wp-block-kadence-advancedheading.kt-adv-heading578_cf781c-56 mark, .wp-block-kadence-advancedheading.kt-adv-heading578_cf781c-56[data-kb-block=\"kb-adv-heading578_cf781c-56\"] mark{font-style:normal;color:#f76a0c;padding-top:0px;padding-right:0px;padding-bottom:0px;padding-left:0px;}<\/style>\n<div class=\"kt-adv-heading578_cf781c-56 wp-block-kadence-advancedheading has-theme-palette-3-color has-text-color\" data-kb-block=\"kb-adv-heading578_cf781c-56\">Nous mettons un point d&rsquo;honneur \u00e0 offrir des v\u00e9hicules fiables et bien entretenus, pr\u00eats \u00e0 vous accompagner en toute s\u00e9curit\u00e9 dans vos d\u00e9placements.<\/div>\n<\/div><\/div>\n\n\n<style>.kadence-column578_3e697a-a0 > .kt-inside-inner-col,.kadence-column578_3e697a-a0 > .kt-inside-inner-col:before{border-top-left-radius:0px;border-top-right-radius:0px;border-bottom-right-radius:0px;border-bottom-left-radius:0px;}.kadence-column578_3e697a-a0 > .kt-inside-inner-col{column-gap:var(--global-kb-gap-sm, 1rem);}.kadence-column578_3e697a-a0 > .kt-inside-inner-col{flex-direction:column;}.kadence-column578_3e697a-a0 > .kt-inside-inner-col > .aligncenter{width:100%;}.kadence-column578_3e697a-a0 > .kt-inside-inner-col:before{opacity:0.3;}.kadence-column578_3e697a-a0{position:relative;}@media all and (max-width: 1024px){.kadence-column578_3e697a-a0 > .kt-inside-inner-col{padding-top:0%;flex-direction:column;}}@media all and (max-width: 767px){.kadence-column578_3e697a-a0 > .kt-inside-inner-col{flex-direction:column;}}<\/style>\n<div class=\"wp-block-kadence-column kadence-column578_3e697a-a0 inner-column-1\"><div class=\"kt-inside-inner-col\"><style>.wp-block-kadence-advancedheading.kt-adv-heading578_3a9807-fa, .wp-block-kadence-advancedheading.kt-adv-heading578_3a9807-fa[data-kb-block=\"kb-adv-heading578_3a9807-fa\"]{margin-bottom:var(--global-kb-spacing-sm, 1.5rem);font-size:var(--global-kb-font-size-md, 1.25rem);line-height:1.2;font-style:normal;color:var(--global-palette3, #1A202C);}.wp-block-kadence-advancedheading.kt-adv-heading578_3a9807-fa mark, .wp-block-kadence-advancedheading.kt-adv-heading578_3a9807-fa[data-kb-block=\"kb-adv-heading578_3a9807-fa\"] mark{font-style:normal;color:#f76a0c;padding-top:0px;padding-right:0px;padding-bottom:0px;padding-left:0px;}<\/style>\n<h2 class=\"kt-adv-heading578_3a9807-fa wp-block-kadence-advancedheading has-theme-palette-3-color has-text-color\" data-kb-block=\"kb-adv-heading578_3a9807-fa\">Transparence<\/h2>\n\n\n<style>.wp-block-kadence-advancedheading.kt-adv-heading578_d88607-be, .wp-block-kadence-advancedheading.kt-adv-heading578_d88607-be[data-kb-block=\"kb-adv-heading578_d88607-be\"]{margin-top:var(--global-kb-spacing-md, 2rem);margin-bottom:var(--global-kb-spacing-md, 2rem);text-align:left;line-height:1.2;font-style:normal;color:var(--global-palette3, #1A202C);}.wp-block-kadence-advancedheading.kt-adv-heading578_d88607-be mark, .wp-block-kadence-advancedheading.kt-adv-heading578_d88607-be[data-kb-block=\"kb-adv-heading578_d88607-be\"] mark{font-style:normal;color:#f76a0c;padding-top:0px;padding-right:0px;padding-bottom:0px;padding-left:0px;}<\/style>\n<div class=\"kt-adv-heading578_d88607-be wp-block-kadence-advancedheading has-theme-palette-3-color has-text-color\" data-kb-block=\"kb-adv-heading578_d88607-be\">Nos tarifs sont clairs et sans surprise. Nous vous informons de tous les co\u00fbts d\u00e8s le d\u00e9part pour que vous puissiez louer en toute confiance.<\/div>\n<\/div><\/div>\n\n\n<style>.kadence-column578_b44d80-ff > .kt-inside-inner-col,.kadence-column578_b44d80-ff > .kt-inside-inner-col:before{border-top-left-radius:0px;border-top-right-radius:0px;border-bottom-right-radius:0px;border-bottom-left-radius:0px;}.kadence-column578_b44d80-ff > .kt-inside-inner-col{column-gap:var(--global-kb-gap-sm, 1rem);}.kadence-column578_b44d80-ff > .kt-inside-inner-col{flex-direction:column;}.kadence-column578_b44d80-ff > .kt-inside-inner-col > .aligncenter{width:100%;}.kadence-column578_b44d80-ff > .kt-inside-inner-col:before{opacity:0.3;}.kadence-column578_b44d80-ff{position:relative;}@media all and (max-width: 1024px){.kadence-column578_b44d80-ff > .kt-inside-inner-col{padding-top:0%;flex-direction:column;}}@media all and (max-width: 767px){.kadence-column578_b44d80-ff > .kt-inside-inner-col{flex-direction:column;}}<\/style>\n<div class=\"wp-block-kadence-column kadence-column578_b44d80-ff inner-column-1\"><div class=\"kt-inside-inner-col\"><style>.wp-block-kadence-advancedheading.kt-adv-heading578_281c0f-c1, .wp-block-kadence-advancedheading.kt-adv-heading578_281c0f-c1[data-kb-block=\"kb-adv-heading578_281c0f-c1\"]{margin-bottom:var(--global-kb-spacing-sm, 1.5rem);font-size:var(--global-kb-font-size-md, 1.25rem);line-height:1.2;font-style:normal;color:var(--global-palette3, #1A202C);}.wp-block-kadence-advancedheading.kt-adv-heading578_281c0f-c1 mark, .wp-block-kadence-advancedheading.kt-adv-heading578_281c0f-c1[data-kb-block=\"kb-adv-heading578_281c0f-c1\"] mark{font-style:normal;color:#f76a0c;padding-top:0px;padding-right:0px;padding-bottom:0px;padding-left:0px;}<\/style>\n<h2 class=\"kt-adv-heading578_281c0f-c1 wp-block-kadence-advancedheading has-theme-palette-3-color has-text-color\" data-kb-block=\"kb-adv-heading578_281c0f-c1\">Service client<\/h2>\n\n\n<style>.wp-block-kadence-advancedheading.kt-adv-heading578_3ab45e-8f, .wp-block-kadence-advancedheading.kt-adv-heading578_3ab45e-8f[data-kb-block=\"kb-adv-heading578_3ab45e-8f\"]{margin-top:var(--global-kb-spacing-md, 2rem);margin-bottom:var(--global-kb-spacing-md, 2rem);text-align:left;line-height:1.2;font-style:normal;color:var(--global-palette3, #1A202C);}.wp-block-kadence-advancedheading.kt-adv-heading578_3ab45e-8f mark, .wp-block-kadence-advancedheading.kt-adv-heading578_3ab45e-8f[data-kb-block=\"kb-adv-heading578_3ab45e-8f\"] mark{font-style:normal;color:#f76a0c;padding-top:0px;padding-right:0px;padding-bottom:0px;padding-left:0px;}<\/style>\n<div class=\"kt-adv-heading578_3ab45e-8f wp-block-kadence-advancedheading has-theme-palette-3-color has-text-color\" data-kb-block=\"kb-adv-heading578_3ab45e-8f\">Votre satisfaction est notre priorit\u00e9. Notre \u00e9quipe est toujours pr\u00eate \u00e0 vous aider, de la r\u00e9servation jusqu&rsquo;au retour du v\u00e9hicule.<\/div>\n<\/div><\/div>\n\n<\/div><\/div>\n\n\n<div class=\"wp-block-uagb-container uagb-block-9ebd07fe alignfull uagb-is-root-container\"><div class=\"uagb-container-inner-blocks-wrap\">\n<div class=\"wp-block-uagb-info-box uagb-block-aacc6e55 uagb-infobox__content-wrap  uagb-infobox-icon-above-title uagb-infobox-image-valign-top\"><div class=\"uagb-ifb-content\"><div class=\"uagb-ifb-title-wrap\"><h1 class=\"uagb-ifb-title\">Merci de choisir DEKA &amp; B Loc pour vos besoins en location de voitures. <br><br>Nous avons h\u00e2te de vous servir et de rendre votre prochaine aventure encore plus m\u00e9morable !<\/h1><\/div><\/div><\/div>\n<\/div><\/div>","protected":false},"excerpt":{"rendered":"<p>Qui sommes-nous ? DEKA &amp; B Loc, votre partenaire de confiance pour la location de voitures, d\u00e9di\u00e9e \u00e0 rendre vos d\u00e9placements plus faciles et agr\u00e9ables. Nous nous engageons \u00e0 offrir \u00e0 nos clients une exp\u00e9rience de location de voiture exceptionnelle, que ce soit pour un voyage d&rsquo;affaires, des vacances en famille, ou tout autre besoin [&hellip;]<\/p>","protected":false},"author":1,"featured_media":0,"parent":0,"menu_order":0,"comment_status":"closed","ping_status":"closed","template":"","meta":{"_uag_custom_page_level_css":"","site-sidebar-layout":"no-sidebar","site-content-layout":"plain-container","ast-site-content-layout":"normal-width-container","site-content-style":"unboxed","site-sidebar-style":"unboxed","ast-global-header-display":"","ast-banner-title-visibility":"","ast-main-header-display":"","ast-hfb-above-header-display":"","ast-hfb-below-header-display":"","ast-hfb-mobile-header-display":"","site-post-title":"disabled","ast-breadcrumbs-content":"","ast-featured-img":"disabled","footer-sml-layout":"","theme-transparent-header-meta":"enabled","adv-header-id-meta":"","stick-header-meta":"","header-above-stick-meta":"","header-main-stick-meta":"","header-below-stick-meta":"","astra-migrate-meta-layouts":"set","ast-page-background-enabled":"default","ast-page-background-meta":{"desktop":{"background-color":"","background-image":"","background-repeat":"repeat","background-position":"center center","background-size":"auto","background-attachment":"scroll","background-type":"","background-media":"","overlay-type":"","overlay-color":"","overlay-opacity":"","overlay-gradient":""},"tablet":{"background-color":"","background-image":"","background-repeat":"repeat","background-position":"center center","background-size":"auto","background-attachment":"scroll","background-type":"","background-media":"","overlay-type":"","overlay-color":"","overlay-opacity":"","overlay-gradient":""},"mobile":{"background-color":"","background-image":"","background-repeat":"repeat","background-position":"center center","background-size":"auto","background-attachment":"scroll","background-type":"","background-media":"","overlay-type":"","overlay-color":"","overlay-opacity":"","overlay-gradient":""}},"ast-content-background-meta":{"desktop":{"background-color":"var(--ast-global-color-5)","background-image":"","background-repeat":"repeat","background-position":"center center","background-size":"auto","background-attachment":"scroll","background-type":"","background-media":"","overlay-type":"","overlay-color":"","overlay-opacity":"","overlay-gradient":""},"tablet":{"background-color":"var(--ast-global-color-5)","background-image":"","background-repeat":"repeat","background-position":"center center","background-size":"auto","background-attachment":"scroll","background-type":"","background-media":"","overlay-type":"","overlay-color":"","overlay-opacity":"","overlay-gradient":""},"mobile":{"background-color":"var(--ast-global-color-5)","background-image":"","background-repeat":"repeat","background-position":"center center","background-size":"auto","background-attachment":"scroll","background-type":"","background-media":"","overlay-type":"","overlay-color":"","overlay-opacity":"","overlay-gradient":""}},"footnotes":""},"class_list":["post-578","page","type-page","status-publish","hentry"],"uagb_featured_image_src":{"full":false,"thumbnail":false,"medium":false,"medium_large":false,"large":false,"1536x1536":false,"2048x2048":false,"trp-custom-language-flag":false},"uagb_author_info":{"display_name":"deka.b.loc","author_link":"https:\/\/dekab-loc.com\/en\/author\/deka-b-loc\/"},"uagb_comment_info":0,"uagb_excerpt":"Qui sommes-nous ? DEKA &amp; B Loc, votre partenaire de confiance pour la location de voitures, d\u00e9di\u00e9e \u00e0 rendre vos d\u00e9placements plus faciles et agr\u00e9ables. Nous nous engageons \u00e0 offrir \u00e0 nos clients une exp\u00e9rience de location de voiture exceptionnelle, que ce soit pour un voyage d&rsquo;affaires, des vacances en famille, ou tout autre besoin&hellip;","_links":{"self":[{"href":"https:\/\/dekab-loc.com\/en\/wp-json\/wp\/v2\/pages\/578"}],"collection":[{"href":"https:\/\/dekab-loc.com\/en\/wp-json\/wp\/v2\/pages"}],"about":[{"href":"https:\/\/dekab-loc.com\/en\/wp-json\/wp\/v2\/types\/page"}],"author":[{"embeddable":true,"href":"https:\/\/dekab-loc.com\/en\/wp-json\/wp\/v2\/users\/1"}],"replies":[{"embeddable":true,"href":"https:\/\/dekab-loc.com\/en\/wp-json\/wp\/v2\/comments?post=578"}],"version-history":[{"count":4,"href":"https:\/\/dekab-loc.com\/en\/wp-json\/wp\/v2\/pages\/578\/revisions"}],"predecessor-version":[{"id":1508,"href":"https:\/\/dekab-loc.com\/en\/wp-json\/wp\/v2\/pages\/578\/revisions\/1508"}],"wp:attachment":[{"href":"https:\/\/dekab-loc.com\/en\/wp-json\/wp\/v2\/media?parent=578"}],"curies":[{"name":"wp","href":"https:\/\/api.w.org\/{rel}","templated":true}]}}