{"id":1306,"date":"2024-07-03T13:37:05","date_gmt":"2024-07-03T17:37:05","guid":{"rendered":"https:\/\/dekab-loc.com\/?page_id=1306"},"modified":"2024-08-08T23:30:05","modified_gmt":"2024-08-09T03:30:05","slug":"politique-confidentialite","status":"publish","type":"page","link":"https:\/\/dekab-loc.com\/en\/politique-confidentialite\/","title":{"rendered":"Politique de confidentialit\u00e9"},"content":{"rendered":"<p>Nous prenons la protection de vos donn\u00e9es personnelles tr\u00e8s au s\u00e9rieux. Cette politique de confidentialit\u00e9 d\u00e9crit les types de donn\u00e9es que nous collectons, comment nous les utilisons et les mesures que nous prenons pour les prot\u00e9ger.<\/p>\n\n\n\n<p><strong>1. Collecte des donn\u00e9es personnelles<\/strong><\/p>\n\n\n\n<p>Nous collectons les informations personnelles suivantes lorsque vous utilisez notre site web et nos services :<\/p>\n\n\n\n<ul class=\"wp-block-list\">\n<li>Nom et pr\u00e9nom<\/li>\n\n\n\n<li>Adresse email<\/li>\n\n\n\n<li>Num\u00e9ro de t\u00e9l\u00e9phone<\/li>\n\n\n\n<li>Adresse postale<\/li>\n\n\n\n<li>Informations de paiement (le cas \u00e9ch\u00e9ant)<\/li>\n\n\n\n<li>Donn\u00e9es de navigation et d&rsquo;utilisation (adresses IP, cookies, etc.)<\/li>\n<\/ul>\n\n\n\n<p><strong>2. Utilisation des donn\u00e9es personnelles<\/strong><\/p>\n\n\n\n<p>Les informations collect\u00e9es sont utilis\u00e9es pour :<\/p>\n\n\n\n<ul class=\"wp-block-list\">\n<li>Fournir et g\u00e9rer nos services<\/li>\n\n\n\n<li>Traiter vos commandes et transactions<\/li>\n\n\n\n<li>Am\u00e9liorer et personnaliser votre exp\u00e9rience utilisateur<\/li>\n\n\n\n<li>Vous envoyer des communications marketing, si vous y avez consenti<\/li>\n\n\n\n<li>R\u00e9pondre \u00e0 vos questions et demandes de support<\/li>\n\n\n\n<li>Respecter nos obligations l\u00e9gales et r\u00e9glementaires<\/li>\n<\/ul>\n\n\n\n<p><strong>3. Partage des donn\u00e9es personnelles<\/strong><\/p>\n\n\n\n<p>Nous ne partageons pas vos donn\u00e9es personnelles avec des tiers, sauf dans les cas suivants :<\/p>\n\n\n\n<ul class=\"wp-block-list\">\n<li>Avec votre consentement explicite<\/li>\n\n\n\n<li>Avec des prestataires de services tiers qui nous aident \u00e0 fournir nos services (h\u00e9bergement, traitement des paiements, etc.)<\/li>\n\n\n\n<li>Pour se conformer \u00e0 une obligation l\u00e9gale ou r\u00e9pondre \u00e0 une proc\u00e9dure judiciaire<\/li>\n\n\n\n<li>Pour prot\u00e9ger nos droits, notre propri\u00e9t\u00e9 ou notre s\u00e9curit\u00e9, ainsi que ceux de nos utilisateurs<\/li>\n<\/ul>\n\n\n\n<p><strong>4. S\u00e9curit\u00e9 des donn\u00e9es<\/strong><\/p>\n\n\n\n<p>Nous mettons en \u0153uvre des mesures techniques et organisationnelles appropri\u00e9es pour prot\u00e9ger vos donn\u00e9es personnelles contre l&rsquo;acc\u00e8s non autoris\u00e9, la divulgation, l&rsquo;alt\u00e9ration ou la destruction. Cependant, aucun syst\u00e8me de s\u00e9curit\u00e9 n&rsquo;est infaillible et nous ne pouvons garantir la s\u00e9curit\u00e9 absolue de vos informations.<\/p>\n\n\n\n<p><strong>5. Conservation des donn\u00e9es<\/strong><\/p>\n\n\n\n<p>Nous conservons vos donn\u00e9es personnelles aussi longtemps que n\u00e9cessaire pour atteindre les objectifs pour lesquels elles ont \u00e9t\u00e9 collect\u00e9es, pour respecter nos obligations l\u00e9gales, r\u00e9soudre des litiges et faire respecter nos accords.<\/p>\n\n\n\n<p><strong>6. Vos droits<\/strong><\/p>\n\n\n\n<p>Conform\u00e9ment aux lois applicables, vous disposez des droits suivants concernant vos donn\u00e9es personnelles :<\/p>\n\n\n\n<ul class=\"wp-block-list\">\n<li>Droit d&rsquo;acc\u00e8s : vous pouvez demander \u00e0 recevoir une copie des donn\u00e9es personnelles que nous d\u00e9tenons \u00e0 votre sujet.<\/li>\n\n\n\n<li>Droit de rectification : vous pouvez demander la correction de vos donn\u00e9es personnelles si elles sont inexactes ou incompl\u00e8tes.<\/li>\n\n\n\n<li>Droit \u00e0 l&rsquo;effacement : vous pouvez demander la suppression de vos donn\u00e9es personnelles, sous r\u00e9serve de certaines conditions.<\/li>\n\n\n\n<li>Droit d&rsquo;opposition : vous pouvez vous opposer au traitement de vos donn\u00e9es personnelles dans certaines situations.<\/li>\n\n\n\n<li>Droit \u00e0 la portabilit\u00e9 : vous pouvez demander \u00e0 recevoir vos donn\u00e9es personnelles dans un format structur\u00e9, couramment utilis\u00e9 et lisible par machine.<\/li>\n<\/ul>\n\n\n\n<p>Pour exercer ces droits, veuillez nous contacter \u00e0 l&rsquo;adresse suivante : deka.b.loc@gmail.com.<\/p>\n\n\n\n<p><strong>7. Cookies et technologies similaires<\/strong><\/p>\n\n\n\n<p>Nous utilisons des cookies et des technologies similaires pour am\u00e9liorer votre exp\u00e9rience sur notre site web, analyser les tendances, administrer le site, suivre les mouvements des utilisateurs et recueillir des informations d\u00e9mographiques. Vous pouvez configurer votre navigateur pour refuser les cookies, mais cela pourrait limiter certaines fonctionnalit\u00e9s de notre site.<\/p>\n\n\n\n<p><strong>8. Modifications de la politique de confidentialit\u00e9<\/strong><\/p>\n\n\n\n<p>Nous nous r\u00e9servons le droit de modifier cette politique de confidentialit\u00e9 \u00e0 tout moment. Les modifications seront publi\u00e9es sur cette page avec la date de la derni\u00e8re mise \u00e0 jour. Nous vous encourageons \u00e0 consulter r\u00e9guli\u00e8rement cette politique pour rester inform\u00e9 de nos pratiques en mati\u00e8re de protection des donn\u00e9es.<\/p>\n\n\n\n<p><strong>9. Contact<\/strong><\/p>\n\n\n\n<p>Si vous avez des questions ou des pr\u00e9occupations concernant cette politique de confidentialit\u00e9, veuillez nous contacter \u00e0 : deka.b.loc@gmail.com.<\/p>\n\n\n\n<p>Merci de votre confiance et de l&rsquo;int\u00e9r\u00eat que vous portez \u00e0 la protection de vos donn\u00e9es personnelles.<\/p>","protected":false},"excerpt":{"rendered":"<p>Nous prenons la protection de vos donn\u00e9es personnelles tr\u00e8s au s\u00e9rieux. Cette politique de confidentialit\u00e9 d\u00e9crit les types de donn\u00e9es que nous collectons, comment nous les utilisons et les mesures que nous prenons pour les prot\u00e9ger. 1. Collecte des donn\u00e9es personnelles Nous collectons les informations personnelles suivantes lorsque vous utilisez notre site web et nos [&hellip;]<\/p>","protected":false},"author":1,"featured_media":0,"parent":0,"menu_order":0,"comment_status":"closed","ping_status":"closed","template":"","meta":{"_uag_custom_page_level_css":"","site-sidebar-layout":"default","site-content-layout":"","ast-site-content-layout":"default","site-content-style":"default","site-sidebar-style":"default","ast-global-header-display":"","ast-banner-title-visibility":"","ast-main-header-display":"","ast-hfb-above-header-display":"","ast-hfb-below-header-display":"","ast-hfb-mobile-header-display":"","site-post-title":"","ast-breadcrumbs-content":"","ast-featured-img":"","footer-sml-layout":"","theme-transparent-header-meta":"","adv-header-id-meta":"","stick-header-meta":"","header-above-stick-meta":"","header-main-stick-meta":"","header-below-stick-meta":"","astra-migrate-meta-layouts":"set","ast-page-background-enabled":"default","ast-page-background-meta":{"desktop":{"background-color":"","background-image":"","background-repeat":"repeat","background-position":"center center","background-size":"auto","background-attachment":"scroll","background-type":"","background-media":"","overlay-type":"","overlay-color":"","overlay-opacity":"","overlay-gradient":""},"tablet":{"background-color":"","background-image":"","background-repeat":"repeat","background-position":"center center","background-size":"auto","background-attachment":"scroll","background-type":"","background-media":"","overlay-type":"","overlay-color":"","overlay-opacity":"","overlay-gradient":""},"mobile":{"background-color":"","background-image":"","background-repeat":"repeat","background-position":"center center","background-size":"auto","background-attachment":"scroll","background-type":"","background-media":"","overlay-type":"","overlay-color":"","overlay-opacity":"","overlay-gradient":""}},"ast-content-background-meta":{"desktop":{"background-color":"var(--ast-global-color-5)","background-image":"","background-repeat":"repeat","background-position":"center center","background-size":"auto","background-attachment":"scroll","background-type":"","background-media":"","overlay-type":"","overlay-color":"","overlay-opacity":"","overlay-gradient":""},"tablet":{"background-color":"var(--ast-global-color-5)","background-image":"","background-repeat":"repeat","background-position":"center center","background-size":"auto","background-attachment":"scroll","background-type":"","background-media":"","overlay-type":"","overlay-color":"","overlay-opacity":"","overlay-gradient":""},"mobile":{"background-color":"var(--ast-global-color-5)","background-image":"","background-repeat":"repeat","background-position":"center center","background-size":"auto","background-attachment":"scroll","background-type":"","background-media":"","overlay-type":"","overlay-color":"","overlay-opacity":"","overlay-gradient":""}},"footnotes":""},"class_list":["post-1306","page","type-page","status-publish","hentry"],"uagb_featured_image_src":{"full":false,"thumbnail":false,"medium":false,"medium_large":false,"large":false,"1536x1536":false,"2048x2048":false,"trp-custom-language-flag":false},"uagb_author_info":{"display_name":"deka.b.loc","author_link":"https:\/\/dekab-loc.com\/en\/author\/deka-b-loc\/"},"uagb_comment_info":0,"uagb_excerpt":"Nous prenons la protection de vos donn\u00e9es personnelles tr\u00e8s au s\u00e9rieux. Cette politique de confidentialit\u00e9 d\u00e9crit les types de donn\u00e9es que nous collectons, comment nous les utilisons et les mesures que nous prenons pour les prot\u00e9ger. 1. Collecte des donn\u00e9es personnelles Nous collectons les informations personnelles suivantes lorsque vous utilisez notre site web et nos&hellip;","_links":{"self":[{"href":"https:\/\/dekab-loc.com\/en\/wp-json\/wp\/v2\/pages\/1306"}],"collection":[{"href":"https:\/\/dekab-loc.com\/en\/wp-json\/wp\/v2\/pages"}],"about":[{"href":"https:\/\/dekab-loc.com\/en\/wp-json\/wp\/v2\/types\/page"}],"author":[{"embeddable":true,"href":"https:\/\/dekab-loc.com\/en\/wp-json\/wp\/v2\/users\/1"}],"replies":[{"embeddable":true,"href":"https:\/\/dekab-loc.com\/en\/wp-json\/wp\/v2\/comments?post=1306"}],"version-history":[{"count":1,"href":"https:\/\/dekab-loc.com\/en\/wp-json\/wp\/v2\/pages\/1306\/revisions"}],"predecessor-version":[{"id":1491,"href":"https:\/\/dekab-loc.com\/en\/wp-json\/wp\/v2\/pages\/1306\/revisions\/1491"}],"wp:attachment":[{"href":"https:\/\/dekab-loc.com\/en\/wp-json\/wp\/v2\/media?parent=1306"}],"curies":[{"name":"wp","href":"https:\/\/api.w.org\/{rel}","templated":true}]}}